{"id":847,"date":"2017-01-21T17:18:09","date_gmt":"2017-01-21T16:18:09","guid":{"rendered":"http:\/\/nuanceblog.nuancecreation.fr\/?page_id=847"},"modified":"2017-02-03T17:12:04","modified_gmt":"2017-02-03T16:12:04","slug":"actualites-presse-book","status":"publish","type":"page","link":"https:\/\/nuanceblog.nuancecreation.fr\/?page_id=847","title":{"rendered":"Actu &#038; Presse"},"content":{"rendered":"<p><span style=\"color: #008000;\"><em><strong>Acc\u00e9der aux <a href=\"http:\/\/nuanceblog.nuancecreation.fr\/?page_id=949\"><span style=\"text-decoration: underline;\">voyages du Club<\/span><\/a><\/strong><\/em><\/span><\/p>\n<p><span style=\"color: #008000;\"><em><strong>Acc\u00e9dez <a href=\"http:\/\/nuanceblog.nuancecreation.fr\/?page_id=887\"><span style=\"text-decoration: underline;\">\u00e0 la Presse<\/span><\/a><\/strong><\/em><\/span><\/p>\n","protected":false},"excerpt":{"rendered":"<p>Acc\u00e9der aux voyages du Club Acc\u00e9dez \u00e0 la Presse<\/p>\n","protected":false},"author":1,"featured_media":848,"parent":0,"menu_order":0,"comment_status":"closed","ping_status":"closed","template":"","meta":[],"_links":{"self":[{"href":"https:\/\/nuanceblog.nuancecreation.fr\/index.php?rest_route=\/wp\/v2\/pages\/847"}],"collection":[{"href":"https:\/\/nuanceblog.nuancecreation.fr\/index.php?rest_route=\/wp\/v2\/pages"}],"about":[{"href":"https:\/\/nuanceblog.nuancecreation.fr\/index.php?rest_route=\/wp\/v2\/types\/page"}],"author":[{"embeddable":true,"href":"https:\/\/nuanceblog.nuancecreation.fr\/index.php?rest_route=\/wp\/v2\/users\/1"}],"replies":[{"embeddable":true,"href":"https:\/\/nuanceblog.nuancecreation.fr\/index.php?rest_route=%2Fwp%2Fv2%2Fcomments&post=847"}],"version-history":[{"count":9,"href":"https:\/\/nuanceblog.nuancecreation.fr\/index.php?rest_route=\/wp\/v2\/pages\/847\/revisions"}],"predecessor-version":[{"id":1173,"href":"https:\/\/nuanceblog.nuancecreation.fr\/index.php?rest_route=\/wp\/v2\/pages\/847\/revisions\/1173"}],"wp:featuredmedia":[{"embeddable":true,"href":"https:\/\/nuanceblog.nuancecreation.fr\/index.php?rest_route=\/wp\/v2\/media\/848"}],"wp:attachment":[{"href":"https:\/\/nuanceblog.nuancecreation.fr\/index.php?rest_route=%2Fwp%2Fv2%2Fmedia&parent=847"}],"curies":[{"name":"wp","href":"https:\/\/api.w.org\/{rel}","templated":true}]}}