{"id":206,"date":"2017-01-07T17:45:03","date_gmt":"2017-01-07T16:45:03","guid":{"rendered":"http:\/\/nuanceblog.nuancecreation.fr\/?page_id=206"},"modified":"2022-04-08T15:56:51","modified_gmt":"2022-04-08T13:56:51","slug":"accueil","status":"publish","type":"page","link":"https:\/\/nuanceblog.nuancecreation.fr\/","title":{"rendered":"Accueil"},"content":{"rendered":"<p style=\"text-align: justify;\"><span style=\"color: #008000;\"><em><strong>Bienvenue<\/strong><br \/>\n<\/em><\/span><\/p>\n<p style=\"text-align: justify;\">Je suis tr\u00e8s heureuse de vous accueillir sur mon &#8220;site&#8221;. En naviguant dans les rubriques affich\u00e9es sur les &#8220;menus&#8221; ou en cliquant sur les &#8220;mots cl\u00e9s&#8221; soulign\u00e9s ci-dessous, vous pourrez d\u00e9couvrir une partie de mon travail :<\/p>\n<p style=\"text-align: justify;\"><em><strong>Les <span style=\"text-decoration: underline;\"><span style=\"color: #008000; text-decoration: underline;\"><a style=\"color: #008000; text-decoration: underline;\" href=\"http:\/\/nuanceblog.nuancecreation.fr\/?page_id=496\">Bouquets<\/a><\/span>,<\/span> les <a href=\"http:\/\/nuanceblog.nuancecreation.fr\/?page_id=571\"><span style=\"text-decoration: underline;\"><span style=\"color: #008000; text-decoration: underline;\">Mariages<\/span><\/span><\/a>, les <a href=\"http:\/\/nuanceblog.nuancecreation.fr\/?page_id=579\"><span style=\"text-decoration: underline; color: #008000;\">Ev\u00e9nements<\/span><\/a> heureux ou du <a href=\"http:\/\/nuanceblog.nuancecreation.fr\/?page_id=740\"><span style=\"text-decoration: underline;\"><span style=\"color: #008000; text-decoration: underline;\">Souvenir<\/span><\/span><\/a>, le Club d&#8217;<a href=\"http:\/\/nuanceblog.nuancecreation.fr\/?page_id=188\"><span style=\"text-decoration: underline;\"><span style=\"color: #008000; text-decoration: underline;\">Art Floral<\/span><\/span><\/a> et les <a href=\"http:\/\/nuanceblog.nuancecreation.fr\/?page_id=397\"><span style=\"text-decoration: underline;\"><span style=\"color: #008000; text-decoration: underline;\">Cours<\/span><\/span><\/a>, les <a href=\"http:\/\/nuanceblog.nuancecreation.fr\/?page_id=208\"><span style=\"text-decoration: underline;\"><span style=\"color: #008000; text-decoration: underline;\">Expos<\/span><\/span><\/a>, les <a href=\"http:\/\/nuanceblog.nuancecreation.fr\/?page_id=777\"><span style=\"text-decoration: underline;\"><span style=\"color: #008000; text-decoration: underline;\">Concours<\/span><\/span><\/a>, les photos des <a href=\"http:\/\/nuanceblog.nuancecreation.fr\/?page_id=949\"><span style=\"text-decoration: underline;\"><span style=\"color: #008000; text-decoration: underline;\">voyages<\/span><\/span><\/a> du Club etc &#8230;<\/strong><\/em><\/p>\n<p style=\"text-align: justify;\">Je suis \u00e0 votre disposition pour vous renseigner et vous conseiller. Vous pouvez venir me rencontrer dans mon Atelier, ou me joindre par t\u00e9l\u00e9phone&nbsp; au 04 76 90 19 41 ou 06 60 51 19 41 ou encore par @mail <strong><a href=\"mailto:catherine_vaillier@yahoo.fr\"><span style=\"text-decoration: underline;\">catherine_vaillier@yahoo.fr<\/span><\/a><\/strong> (voir page <strong><span style=\"color: #008000;\"><a style=\"color: #008000; text-decoration: underline;\" href=\"http:\/\/nuanceblog.nuancecreation.fr\/?page_id=69\">Contact<\/a><\/span><\/strong>)<\/p>\n<p style=\"text-align: justify;\">Je vous attends.<br \/>\nCatherine<\/p>\n","protected":false},"excerpt":{"rendered":"<p>Bienvenue Je suis tr\u00e8s heureuse de vous accueillir sur mon &#8220;site&#8221;. En naviguant dans les rubriques affich\u00e9es sur les &#8220;menus&#8221; ou en cliquant sur les &#8220;mots cl\u00e9s&#8221; soulign\u00e9s ci-dessous, vous pourrez d\u00e9couvrir une partie de mon travail : Les Bouquets, les Mariages, les Ev\u00e9nements heureux ou du Souvenir, le Club d&#8217;Art Floral et les Cours, &hellip; <a href=\"https:\/\/nuanceblog.nuancecreation.fr\/\" class=\"more-link\">Continue reading <span class=\"screen-reader-text\">Accueil<\/span> <span class=\"meta-nav\">&rarr;<\/span><\/a><\/p>\n","protected":false},"author":1,"featured_media":1808,"parent":0,"menu_order":0,"comment_status":"closed","ping_status":"closed","template":"","meta":[],"_links":{"self":[{"href":"https:\/\/nuanceblog.nuancecreation.fr\/index.php?rest_route=\/wp\/v2\/pages\/206"}],"collection":[{"href":"https:\/\/nuanceblog.nuancecreation.fr\/index.php?rest_route=\/wp\/v2\/pages"}],"about":[{"href":"https:\/\/nuanceblog.nuancecreation.fr\/index.php?rest_route=\/wp\/v2\/types\/page"}],"author":[{"embeddable":true,"href":"https:\/\/nuanceblog.nuancecreation.fr\/index.php?rest_route=\/wp\/v2\/users\/1"}],"replies":[{"embeddable":true,"href":"https:\/\/nuanceblog.nuancecreation.fr\/index.php?rest_route=%2Fwp%2Fv2%2Fcomments&post=206"}],"version-history":[{"count":45,"href":"https:\/\/nuanceblog.nuancecreation.fr\/index.php?rest_route=\/wp\/v2\/pages\/206\/revisions"}],"predecessor-version":[{"id":1809,"href":"https:\/\/nuanceblog.nuancecreation.fr\/index.php?rest_route=\/wp\/v2\/pages\/206\/revisions\/1809"}],"wp:featuredmedia":[{"embeddable":true,"href":"https:\/\/nuanceblog.nuancecreation.fr\/index.php?rest_route=\/wp\/v2\/media\/1808"}],"wp:attachment":[{"href":"https:\/\/nuanceblog.nuancecreation.fr\/index.php?rest_route=%2Fwp%2Fv2%2Fmedia&parent=206"}],"curies":[{"name":"wp","href":"https:\/\/api.w.org\/{rel}","templated":true}]}}