{"id":777,"date":"2017-01-21T10:16:31","date_gmt":"2017-01-21T09:16:31","guid":{"rendered":"http:\/\/nuanceblog.nuancecreation.fr\/?page_id=777"},"modified":"2017-06-16T17:15:58","modified_gmt":"2017-06-16T15:15:58","slug":"palmares","status":"publish","type":"page","link":"http:\/\/nuanceblog.nuancecreation.fr\/?page_id=777","title":{"rendered":"Palmares"},"content":{"rendered":"<p><span style=\"color: #008000;\"><span style=\"color: #000000;\">Avant de pr\u00e9senter un certain nombre d\u2019\u00e9l\u00e8ves qui ont souvent \u00e9t\u00e9 r\u00e9compens\u00e9es, je me suis confront\u00e9e de nombreuses fois aux d\u00e9cisions du jury avec une certaine r\u00e9ussite.<\/span><strong><br \/>\n<\/strong><\/span><\/p>\n<p><span style=\"color: #008000;\"><strong><img loading=\"lazy\" class=\" wp-image-778 alignleft\" src=\"http:\/\/nuanceblog.nuancecreation.fr\/wp-content\/uploads\/2017\/01\/Ph10.png\" alt=\"Ph10\" width=\"193\" height=\"146\" \/><\/strong><\/span><span style=\"color: #008000;\"><em><strong>Concours international du Bouquet de <\/strong><\/em><em><strong>MONACO\u00a0 <\/strong><\/em><em><strong>Pr\u00e9sid\u00e9 par son Altesse la Princesse Caroline de HANOVRE<\/strong><\/em><\/span><\/p>\n<p>&nbsp;<\/p>\n<p>&nbsp;<\/p>\n<p><em><strong>Laur\u00e9ate : Catherine VAILLIER<\/strong><\/em><br \/>\n2002 Insigne d\u2019OR<br \/>\n2007 Grand Prix de l\u2019ELEGANCE<br \/>\n2009 Insigne de BRONZE<br \/>\n2010 Insigne de BRONZE\u00a0\u00a0\u00a0\u00a0\u00a0\u00a0\u00a0\u00a0\u00a0\u00a0\u00a0\u00a0\u00a0\u00a0\u00a0\u00a0\u00a0\u00a0\u00a0\u00a0\u00a0\u00a0\u00a0\u00a0\u00a0\u00a0\u00a0\u00a0\u00a0\u00a0\u00a0\u00a0\u00a0\u00a0\u00a0\u00a0\u00a0\u00a0\u00a0\u00a0\u00a0\u00a0\u00a0\u00a0\u00a0\u00a0\u00a0\u00a0\u00a0\u00a0\u00a0\u00a0\u00a0\u00a0\u00a0\u00a0\u00a0\u00a0\u00a0\u00a0\u00a0\u00a0\u00a0\u00a0\u00a0\u00a0\u00a0\u00a0\u00a0\u00a0\u00a0\u00a0\u00a0\u00a0\u00a0\u00a0\u00a0\u00a0\u00a0\u00a0\u00a0\u00a0\u00a0 2011 Insigne de BRONZE\u00a0\u00a0\u00a0\u00a0\u00a0\u00a0\u00a0\u00a0\u00a0\u00a0\u00a0\u00a0\u00a0\u00a0\u00a0\u00a0\u00a0\u00a0\u00a0\u00a0\u00a0\u00a0\u00a0\u00a0\u00a0\u00a0\u00a0\u00a0\u00a0\u00a0\u00a0\u00a0\u00a0\u00a0\u00a0\u00a0\u00a0\u00a0\u00a0\u00a0\u00a0\u00a0\u00a0\u00a0\u00a0\u00a0\u00a0\u00a0\u00a0\u00a0\u00a0\u00a0\u00a0\u00a0\u00a0\u00a0\u00a0\u00a0\u00a0\u00a0\u00a0\u00a0\u00a0\u00a0\u00a0\u00a0\u00a0\u00a0\u00a0\u00a0\u00a0\u00a0\u00a0\u00a0\u00a0\u00a0\u00a0\u00a0\u00a0\u00a0\u00a0\u00a0\u00a0\u00a0 <span style=\"color: #ff0000;\"><strong>2017 Insigne d&#8217;OR<\/strong><\/span><\/p>\n<p><span style=\"color: #008000;\"><em><strong>Concours <\/strong><\/em><\/span><img loading=\"lazy\" class=\"wp-image-779 alignleft\" src=\"http:\/\/nuanceblog.nuancecreation.fr\/wp-content\/uploads\/2017\/01\/Ph11.png\" alt=\"Ph11\" width=\"181\" height=\"137\" \/><span style=\"color: #008000;\"><em><strong>de BIONNET Pr\u00e9sid\u00e9 par madame CHIRAC<\/strong><\/em><\/span><\/p>\n<p>&nbsp;<\/p>\n<p>&nbsp;<\/p>\n<p><strong>2008\u00a0 Laur\u00e9ates\u00a0: H\u00e9l\u00e8ne VIARD- GAUDIN &amp; Catherine VAILLIER <\/strong>Prix de l\u2019harmonie des couleurs<br \/>\nPrix de la soci\u00e9t\u00e9 horticole de France<br \/>\nCoup de c\u0153ur de la S.L.H<\/p>\n<p><strong><em>La voie \u00e9tait trac\u00e9e et \u00e0 leur tour, les \u00e9l\u00e8ves du Club Nuance se sont brillamment distingu\u00e9es.<\/em><\/strong><\/p>\n<p><img loading=\"lazy\" class=\"wp-image-780 alignleft\" src=\"http:\/\/nuanceblog.nuancecreation.fr\/wp-content\/uploads\/2017\/01\/Ph12.png\" alt=\"Ph12\" width=\"181\" height=\"136\" \/><\/p>\n<p>&nbsp;<\/p>\n<p><span style=\"color: #008000;\"><em><strong>Concours international du Bouquet de <\/strong><strong>MONACO<\/strong><\/em><\/span><\/p>\n<p>&nbsp;<\/p>\n<p><span style=\"color: #008000;\"><span style=\"color: #ffcc00;\"><em><strong>Insignes d\u2019OR<\/strong><\/em><\/span><br \/>\n<span style=\"color: #000000;\"> \u00a0\u00a0\u00a0\u00a0\u00a0\u00a0\u00a0\u00a0\u00a0\u00a0\u00a0\u00a0\u00a0\u00a0\u00a0\u00a0 2005 Pascale BERTHAIL<\/span><br \/>\n<span style=\"color: #000000;\"> \u00a0\u00a0\u00a0\u00a0\u00a0\u00a0\u00a0\u00a0\u00a0\u00a0\u00a0\u00a0\u00a0\u00a0\u00a0\u00a0 2009 H\u00e9l\u00e8ne LAURENT<\/span><br \/>\n<span style=\"color: #000000;\"> \u00a0\u00a0\u00a0\u00a0\u00a0\u00a0\u00a0\u00a0\u00a0\u00a0\u00a0\u00a0\u00a0\u00a0\u00a0\u00a0 2010 Madeleine SOUNIER <\/span><br \/>\n<span style=\"color: #000000;\"> \u00a0\u00a0\u00a0\u00a0\u00a0\u00a0\u00a0\u00a0\u00a0\u00a0\u00a0\u00a0\u00a0\u00a0\u00a0\u00a0 2011 Elsa et H\u00e9l\u00e8ne VIARD-GAUDIN\u00a0\u00a0\u00a0\u00a0\u00a0\u00a0\u00a0\u00a0\u00a0\u00a0\u00a0\u00a0\u00a0\u00a0\u00a0\u00a0\u00a0\u00a0\u00a0\u00a0\u00a0\u00a0\u00a0\u00a0\u00a0\u00a0\u00a0\u00a0\u00a0\u00a0\u00a0\u00a0\u00a0\u00a0\u00a0\u00a0\u00a0\u00a0\u00a0\u00a0\u00a0\u00a0\u00a0\u00a0\u00a0\u00a0\u00a0\u00a0\u00a0\u00a0\u00a0\u00a0 <span style=\"color: #ff0000;\"><strong>2017 Catherine &amp; Charlotte VAILLIER<\/strong> <\/span><\/span><\/span><\/p>\n<p><span style=\"color: #008000;\"><span style=\"color: #000000;\"><span style=\"color: #999999;\"><em><strong>Insigne d\u2019ARGENT<\/strong><\/em><\/span><\/span><br \/>\n<span style=\"color: #000000;\"> \u00a0\u00a0\u00a0\u00a0\u00a0\u00a0\u00a0\u00a0\u00a0\u00a0\u00a0\u00a0\u00a0\u00a0\u00a0\u00a0 2011 Ghislaine TATIN\u00a0\u00a0\u00a0\u00a0\u00a0\u00a0\u00a0\u00a0\u00a0\u00a0\u00a0\u00a0\u00a0\u00a0\u00a0\u00a0\u00a0\u00a0\u00a0\u00a0\u00a0\u00a0\u00a0\u00a0\u00a0\u00a0\u00a0\u00a0\u00a0\u00a0\u00a0\u00a0\u00a0\u00a0\u00a0\u00a0\u00a0\u00a0\u00a0\u00a0\u00a0\u00a0\u00a0\u00a0\u00a0\u00a0\u00a0\u00a0\u00a0\u00a0\u00a0\u00a0\u00a0\u00a0\u00a0\u00a0\u00a0\u00a0\u00a0\u00a0\u00a0\u00a0\u00a0\u00a0\u00a0\u00a0\u00a0\u00a0\u00a0\u00a0\u00a0\u00a0\u00a0\u00a0\u00a0\u00a0\u00a0\u00a0\u00a0\u00a0\u00a0 <strong><span style=\"color: #ff0000;\">2017 Madeleine SOUNIER<\/span> <\/strong><\/span><\/span><\/p>\n<p><span style=\"color: #008000;\"><span style=\"color: #000000;\"><strong><em><span style=\"color: #993300;\">Insignes de BRONZE<\/span><\/em><\/strong><\/span><br \/>\n<span style=\"color: #000000;\"> \u00a0\u00a0\u00a0\u00a0\u00a0\u00a0\u00a0\u00a0\u00a0\u00a0\u00a0\u00a0\u00a0\u00a0\u00a0\u00a0 2007 Ghislaine TATIN<\/span><br \/>\n<span style=\"color: #000000;\"> \u00a0\u00a0\u00a0\u00a0\u00a0\u00a0\u00a0\u00a0\u00a0\u00a0\u00a0\u00a0\u00a0\u00a0\u00a0\u00a0 2011 Sonia MICHEL <\/span><\/span><\/p>\n<p><span style=\"color: #008000;\"><span style=\"color: #000000;\"><strong><em><span style=\"color: #ff0000;\">Prix de l\u2019HUMOUR<\/span><\/em><\/strong><\/span><br \/>\n<span style=\"color: #000000;\"> \u00a0\u00a0\u00a0\u00a0\u00a0\u00a0\u00a0\u00a0\u00a0\u00a0\u00a0\u00a0\u00a0\u00a0\u00a0\u00a0 2005 H\u00e9l\u00e8ne VIARD-GAUDIN<\/span><\/span><\/p>\n<p><span style=\"color: #008000;\"><span style=\"color: #000000;\"><strong><em><span style=\"color: #000000;\">Mentions du JURY<\/span><\/em><\/strong> \u00a0\u00a0\u00a0\u00a0\u00a0\u00a0\u00a0\u00a0\u00a0\u00a0\u00a0\u00a0\u00a0\u00a0\u00a0\u00a0\u00a0\u00a0\u00a0\u00a0\u00a0\u00a0\u00a0\u00a0\u00a0\u00a0\u00a0\u00a0\u00a0\u00a0\u00a0\u00a0\u00a0\u00a0\u00a0\u00a0\u00a0\u00a0\u00a0\u00a0\u00a0\u00a0\u00a0\u00a0\u00a0\u00a0\u00a0\u00a0\u00a0\u00a0\u00a0\u00a0\u00a0\u00a0\u00a0\u00a0\u00a0\u00a0\u00a0 <\/span><\/span><br \/>\n2009 Pascale BERTHAIL<br \/>\n2007 Sonia MICHEL\u00a0\u00a0\u00a0\u00a0\u00a0\u00a0\u00a0\u00a0\u00a0\u00a0\u00a0\u00a0\u00a0\u00a0\u00a0\u00a0\u00a0\u00a0\u00a0\u00a0\u00a0\u00a0\u00a0\u00a0\u00a0\u00a0\u00a0\u00a0\u00a0\u00a0\u00a0\u00a0\u00a0\u00a0\u00a0\u00a0\u00a0\u00a0\u00a0\u00a0\u00a0\u00a0\u00a0\u00a0\u00a0\u00a0\u00a0\u00a0\u00a0\u00a0\u00a0\u00a0\u00a0\u00a0\u00a0\u00a0\u00a0\u00a0\u00a0\u00a0\u00a0\u00a0\u00a0\u00a0\u00a0\u00a0\u00a0\u00a0\u00a0\u00a0\u00a0\u00a0\u00a0\u00a0\u00a0\u00a0\u00a0\u00a0\u00a0\u00a0\u00a0\u00a0\u00a0\u00a0\u00a0\u00a0\u00a0\u00a0\u00a0\u00a0\u00a0\u00a0\u00a0\u00a0\u00a0\u00a0 <strong><span style=\"color: #ff0000;\">2017 Pascale BERTHAIL<\/span><\/strong><\/p>\n<p><em><strong>Prix de l&#8217;originalit\u00e9 dans le choix des mat\u00e9riaux<\/strong><\/em><br \/>\n2011 Sonia MICHEL<\/p>\n<p><em><strong>Prix de l&#8217;Harmonie des Couleurs<\/strong><\/em><br \/>\n<strong><span style=\"color: #ff0000;\">2017 Catherine &amp; Charlotte VAILLIER<\/span><\/strong><\/p>\n<p style=\"text-align: justify;\">Chaque ann\u00e9e un plus grand nombre d\u2019\u00e9l\u00e8ves se pr\u00e9sentent aux concours.<br \/>\nElles ont aussi de nombreuses supportrices (et supporters). Pour conna\u00eetre le calendrier des concours du club Nuance consultez notre programme d&#8217;actualit\u00e9s.<\/p>\n<p>Les concours permettent aux professionnels, et amateurs \u00e9clair\u00e9s, de confronter leur exp\u00e9rience et savoir-faire face aux autres comp\u00e9titeurs.<\/p>\n<p>Remporter un concours est toujours pour le laur\u00e9at une occasion de voir son travail et son art r\u00e9compens\u00e9s par ses p\u00e8res.<\/p>\n<p>C&#8217;est aussi une excellente mani\u00e8re d&#8217;appr\u00e9cier les nouvelles tendances et techniques d&#8217;Art Floral que tout un chacun apporte \u00e0 chaque concours.<\/p>\n<p style=\"text-align: justify;\"><span style=\"color: #008000;\"><em><strong>Acc\u00e9dez aux <a href=\"http:\/\/nuanceblog.nuancecreation.fr\/?page_id=794\"><span style=\"text-decoration: underline;\">galeries<\/span><\/a> par le &#8220;Menu&#8221;<\/strong> <\/em><br \/>\n<span style=\"color: #000000;\"> \u00a0\u00a0\u00a0\u00a0\u00a0\u00a0\u00a0\u00a0\u00a0\u00a0\u00a0\u00a0\u00a0\u00a0\u00a0\u00a0\u00a0\u00a0\u00a0\u00a0\u00a0\u00a0\u00a0\u00a0\u00a0\u00a0 <\/span><\/span><\/p>\n<p><em><strong>\u00a0\u00a0<\/strong><\/em><\/p>\n<p><span style=\"color: #008000;\"><em><strong>\u00a0\u00a0\u00a0\u00a0 <\/strong><\/em><\/span><\/p>\n<p>&nbsp;<\/p>\n<p>&nbsp;<\/p>\n","protected":false},"excerpt":{"rendered":"<p>Avant de pr\u00e9senter un certain nombre d\u2019\u00e9l\u00e8ves qui ont souvent \u00e9t\u00e9 r\u00e9compens\u00e9es, je me suis confront\u00e9e de nombreuses fois aux d\u00e9cisions du jury avec une certaine r\u00e9ussite. Concours international du Bouquet de MONACO\u00a0 Pr\u00e9sid\u00e9 par son Altesse la Princesse Caroline de HANOVRE &nbsp; &nbsp; Laur\u00e9ate : Catherine VAILLIER 2002 Insigne d\u2019OR 2007 Grand Prix de &hellip; <a href=\"http:\/\/nuanceblog.nuancecreation.fr\/?page_id=777\" class=\"more-link\">Continue reading <span class=\"screen-reader-text\">Palmares<\/span> <span class=\"meta-nav\">&rarr;<\/span><\/a><\/p>\n","protected":false},"author":1,"featured_media":0,"parent":0,"menu_order":0,"comment_status":"closed","ping_status":"closed","template":"","meta":[],"_links":{"self":[{"href":"http:\/\/nuanceblog.nuancecreation.fr\/index.php?rest_route=\/wp\/v2\/pages\/777"}],"collection":[{"href":"http:\/\/nuanceblog.nuancecreation.fr\/index.php?rest_route=\/wp\/v2\/pages"}],"about":[{"href":"http:\/\/nuanceblog.nuancecreation.fr\/index.php?rest_route=\/wp\/v2\/types\/page"}],"author":[{"embeddable":true,"href":"http:\/\/nuanceblog.nuancecreation.fr\/index.php?rest_route=\/wp\/v2\/users\/1"}],"replies":[{"embeddable":true,"href":"http:\/\/nuanceblog.nuancecreation.fr\/index.php?rest_route=%2Fwp%2Fv2%2Fcomments&post=777"}],"version-history":[{"count":12,"href":"http:\/\/nuanceblog.nuancecreation.fr\/index.php?rest_route=\/wp\/v2\/pages\/777\/revisions"}],"predecessor-version":[{"id":1324,"href":"http:\/\/nuanceblog.nuancecreation.fr\/index.php?rest_route=\/wp\/v2\/pages\/777\/revisions\/1324"}],"wp:attachment":[{"href":"http:\/\/nuanceblog.nuancecreation.fr\/index.php?rest_route=%2Fwp%2Fv2%2Fmedia&parent=777"}],"curies":[{"name":"wp","href":"https:\/\/api.w.org\/{rel}","templated":true}]}}