{"id":571,"date":"2017-01-18T12:15:53","date_gmt":"2017-01-18T11:15:53","guid":{"rendered":"http:\/\/nuanceblog.nuancecreation.fr\/?page_id=571"},"modified":"2017-02-02T12:10:38","modified_gmt":"2017-02-02T11:10:38","slug":"les-mariages","status":"publish","type":"page","link":"http:\/\/nuanceblog.nuancecreation.fr\/?page_id=571","title":{"rendered":"Votre Mariage"},"content":{"rendered":"<p>&nbsp;<\/p>\n<p style=\"padding-left: 30px; text-align: justify;\"><span style=\"color: #008000;\"><em><strong>Vot<\/strong><strong>re\u00a0 Mariage\u00a0<\/strong>\u00a0\u00a0<\/em>\u00a0\u00a0\u00a0\u00a0\u00a0\u00a0<\/span>\u00a0\u00a0\u00a0\u00a0\u00a0\u00a0\u00a0\u00a0\u00a0\u00a0\u00a0\u00a0\u00a0\u00a0\u00a0\u00a0\u00a0\u00a0\u00a0\u00a0\u00a0\u00a0\u00a0\u00a0\u00a0\u00a0\u00a0\u00a0\u00a0\u00a0\u00a0\u00a0 <em><strong><img loading=\"lazy\" class=\"size-medium wp-image-572 alignleft\" src=\"http:\/\/nuanceblog.nuancecreation.fr\/wp-content\/uploads\/2017\/01\/Mariage-dans-texte-172x300.png\" alt=\"Mariage dans texte\" width=\"172\" height=\"300\" srcset=\"http:\/\/nuanceblog.nuancecreation.fr\/wp-content\/uploads\/2017\/01\/Mariage-dans-texte-172x300.png 172w, http:\/\/nuanceblog.nuancecreation.fr\/wp-content\/uploads\/2017\/01\/Mariage-dans-texte.png 209w\" sizes=\"(max-width: 172px) 100vw, 172px\" \/><\/strong><\/em>C&#8217;est une journ\u00e9e unique, m\u00e9morable&#8230; Vous serez le centre de toutes les attentions. Tout doit \u00eatre parfait ! Je saurai \u00eatre pr\u00e9sente pour vous conseiller et vous permettre de choisir&#8230;<\/p>\n<p style=\"padding-left: 30px; text-align: justify;\"><em><strong><span style=\"color: #008000;\">Les bouquets&#8230;<\/span><\/strong><\/em><br \/>\nLe bouquet de la Mari\u00e9e r\u00e9clame une attention toute particuli\u00e8re. Rond ou Tombant il doit \u00eatre assorti \u00e0 la robe. Il est le reflet de votre personnalit\u00e9 et \u00eatre compos\u00e9 selon une th\u00e9matique. Il peut \u00eatre compl\u00e9t\u00e9 et harmonis\u00e9 avec la boutonni\u00e8re du mari\u00e9. Pensez aussi aux bouquets des demoiselles d&#8217;honneur, aux couronnes des enfants..<\/p>\n<p style=\"padding-left: 30px; text-align: justify;\"><em><strong><span style=\"color: #008000;\">La d\u00e9coration de l&#8217;\u00e9glise (ou du lieu de culte) et de la Mairie&#8230;<\/span><\/strong><\/em><br \/>\nD\u00e9coration de l&#8217;autel, des bancs (tombants sur les embouts, le plus bel effet de perspective&#8230;),\u00a0 Les piliers&#8230; Les bouquets et compositions de la r\u00e9ception. Comme l&#8217;Eglise, la Mairie et sa salle des mariages sont des lieux \u00e0 privil\u00e9gier car souvent photographi\u00e9s.<\/p>\n<p style=\"padding-left: 30px; text-align: justify;\"><em><strong><span style=\"color: #008000;\">Les lieux de r\u00e9ception et salle de noces&#8230;<\/span><\/strong><\/em><br \/>\nLe vin d&#8217;honneur et la salle du repas de noces sont d&#8217;une grande importance. La table des mari\u00e9s doit \u00eatre particuli\u00e8rement soign\u00e9e sans oublier les tables des invit\u00e9s. L&#8217;environnement doit \u00eatre agr\u00e9ment\u00e9 : Centres de tables, d\u00e9coration du buffet, chandeliers fleuris&#8230;<\/p>\n<p style=\"padding-left: 30px; text-align: justify;\"><span style=\"color: #008000;\"><em><strong>D\u00e9corations diverses et voitures&#8230;<\/strong><\/em><\/span><br \/>\nIl est de maints endroits que l&#8217;on peux d\u00e9corer : lieux des photographies, chemin menant de l&#8217;\u00e9glise \u00e0 la mairie, all\u00e9es etc&#8230; Sans oublier la d\u00e9co de la voiture des mari\u00e9s ! Que le v\u00e9hicule soit ancien ou moderne, cabriolet ou limousine, \u00e0 moteur ou cal\u00e8che, il a toute son importance. Comme la tenue des mari\u00e9s il marquera les esprits et fera partie du souvenir d&#8217;une journ\u00e9e r\u00e9ussie.<\/p>\n<p style=\"padding-left: 30px; text-align: justify;\"><span style=\"color: #008000;\"><em><strong>Les Bapt\u00eames \u00a0 \u00a0 \u00a0 \u00a0 \u00a0 \u00a0 \u00a0 \u00a0 \u00a0 \u00a0 \u00a0 \u00a0 \u00a0 \u00a0 \u00a0 \u00a0 \u00a0 \u00a0 \u00a0 \u00a0 \u00a0 \u00a0 \u00a0 \u00a0 \u00a0 \u00a0 \u00a0 \u00a0 \u00a0 \u00a0 \u00a0 \u00a0\u00a0 \u00a0\u00a0\u00a0\u00a0\u00a0\u00a0\u00a0\u00a0\u00a0\u00a0\u00a0\u00a0\u00a0\u00a0\u00a0\u00a0\u00a0\u00a0\u00a0\u00a0\u00a0\u00a0\u00a0\u00a0\u00a0\u00a0\u00a0\u00a0\u00a0\u00a0\u00a0\u00a0\u00a0\u00a0\u00a0\u00a0\u00a0\u00a0\u00a0\u00a0\u00a0\u00a0\u00a0\u00a0\u00a0\u00a0 <\/strong><\/em><\/span>Encore une ou des journ\u00e9es \u00e0 marquer d&#8217;une pierre blanche ou la d\u00e9coration florale a toute son importance. L&#8217;\u00e9glise et la r\u00e9ception sont les lieux privil\u00e9gi\u00e9s qui m\u00e9ritent d&#8217;\u00eatre fleuris.<\/p>\n<p style=\"padding-left: 30px; text-align: justify;\"><span style=\"color: #000000;\"><em><strong><span style=\"color: #008000;\">Les Anniversaires\u00a0 \u00a0 \u00a0\u00a0<\/span>\u00a0\u00a0\u00a0\u00a0\u00a0\u00a0\u00a0\u00a0\u00a0\u00a0\u00a0\u00a0 \u00a0 \u00a0 \u00a0 \u00a0 \u00a0 \u00a0 \u00a0 \u00a0 \u00a0 \u00a0 \u00a0 \u00a0 \u00a0 \u00a0\u00a0 \u00a0\u00a0 \u00a0 \u00a0 \u00a0 \u00a0 \u00a0 \u00a0 \u00a0 \u00a0 \u00a0 \u00a0 \u00a0 \u00a0 \u00a0 \u00a0 \u00a0 \u00a0 \u00a0 \u00a0 \u00a0 \u00a0 \u00a0 \u00a0 \u00a0 \u00a0 \u00a0 \u00a0 <\/strong><\/em>Ils jalonnent toute l&#8217;existence. Il permettent les r\u00e9unions de familles et d&#8217;amis, les retrouvailles, les r\u00e9conciliations, les rencontres, les preuves d&#8217;amour ou d&#8217;amiti\u00e9 qui ne demandent qu&#8217;\u00e0 se dire avec des fleurs. <\/span><\/p>\n<blockquote data-secret=\"1OhR2PyYB2\" class=\"wp-embedded-content\"><p><a href=\"http:\/\/nuanceblog.nuancecreation.fr\/?page_id=585\">Galeries photos Mariages<\/a><\/p><\/blockquote>\n<p><iframe class=\"wp-embedded-content\" sandbox=\"allow-scripts\" security=\"restricted\" style=\"position: absolute; clip: rect(1px, 1px, 1px, 1px);\" src=\"http:\/\/nuanceblog.nuancecreation.fr\/?page_id=585&#038;embed=true#?secret=1OhR2PyYB2\" data-secret=\"1OhR2PyYB2\" width=\"474\" height=\"267\" title=\"&laquo;&nbsp;Galeries photos Mariages&nbsp;&raquo; &#8212; NUANCE &quot;FLEURS&quot; CREATION\" frameborder=\"0\" marginwidth=\"0\" marginheight=\"0\" scrolling=\"no\"><\/iframe><\/p>\n","protected":false},"excerpt":{"rendered":"<p>&nbsp; Votre\u00a0 Mariage\u00a0\u00a0\u00a0\u00a0\u00a0\u00a0\u00a0\u00a0\u00a0\u00a0\u00a0\u00a0\u00a0\u00a0\u00a0\u00a0\u00a0\u00a0\u00a0\u00a0\u00a0\u00a0\u00a0\u00a0\u00a0\u00a0\u00a0\u00a0\u00a0\u00a0\u00a0\u00a0\u00a0\u00a0\u00a0\u00a0\u00a0\u00a0\u00a0\u00a0\u00a0 C&#8217;est une journ\u00e9e unique, m\u00e9morable&#8230; Vous serez le centre de toutes les attentions. Tout doit \u00eatre parfait ! Je saurai \u00eatre pr\u00e9sente pour vous conseiller et vous permettre de choisir&#8230; Les bouquets&#8230; Le bouquet de la Mari\u00e9e r\u00e9clame une attention toute particuli\u00e8re. Rond ou Tombant il doit \u00eatre assorti \u00e0 la robe. &hellip; <a href=\"http:\/\/nuanceblog.nuancecreation.fr\/?page_id=571\" class=\"more-link\">Continue reading <span class=\"screen-reader-text\">Votre Mariage<\/span> <span class=\"meta-nav\">&rarr;<\/span><\/a><\/p>\n","protected":false},"author":1,"featured_media":0,"parent":0,"menu_order":0,"comment_status":"closed","ping_status":"closed","template":"","meta":[],"_links":{"self":[{"href":"http:\/\/nuanceblog.nuancecreation.fr\/index.php?rest_route=\/wp\/v2\/pages\/571"}],"collection":[{"href":"http:\/\/nuanceblog.nuancecreation.fr\/index.php?rest_route=\/wp\/v2\/pages"}],"about":[{"href":"http:\/\/nuanceblog.nuancecreation.fr\/index.php?rest_route=\/wp\/v2\/types\/page"}],"author":[{"embeddable":true,"href":"http:\/\/nuanceblog.nuancecreation.fr\/index.php?rest_route=\/wp\/v2\/users\/1"}],"replies":[{"embeddable":true,"href":"http:\/\/nuanceblog.nuancecreation.fr\/index.php?rest_route=%2Fwp%2Fv2%2Fcomments&post=571"}],"version-history":[{"count":13,"href":"http:\/\/nuanceblog.nuancecreation.fr\/index.php?rest_route=\/wp\/v2\/pages\/571\/revisions"}],"predecessor-version":[{"id":1153,"href":"http:\/\/nuanceblog.nuancecreation.fr\/index.php?rest_route=\/wp\/v2\/pages\/571\/revisions\/1153"}],"wp:attachment":[{"href":"http:\/\/nuanceblog.nuancecreation.fr\/index.php?rest_route=%2Fwp%2Fv2%2Fmedia&parent=571"}],"curies":[{"name":"wp","href":"https:\/\/api.w.org\/{rel}","templated":true}]}}