{"id":397,"date":"2017-01-09T15:46:24","date_gmt":"2017-01-09T14:46:24","guid":{"rendered":"http:\/\/nuanceblog.nuancecreation.fr\/?page_id=397"},"modified":"2017-01-31T11:08:11","modified_gmt":"2017-01-31T10:08:11","slug":"latelier","status":"publish","type":"page","link":"http:\/\/nuanceblog.nuancecreation.fr\/?page_id=397","title":{"rendered":"L&#8217;atelier &#8220;Pratique&#8221;"},"content":{"rendered":"<p><img loading=\"lazy\" class=\"wp-image-200 alignleft\" src=\"http:\/\/nuanceblog.nuancecreation.fr\/wp-content\/uploads\/2017\/01\/DSC_0801-300x199.jpg\" alt=\"\" width=\"546\" height=\"362\" srcset=\"http:\/\/nuanceblog.nuancecreation.fr\/wp-content\/uploads\/2017\/01\/DSC_0801-300x199.jpg 300w, http:\/\/nuanceblog.nuancecreation.fr\/wp-content\/uploads\/2017\/01\/DSC_0801-768x510.jpg 768w, http:\/\/nuanceblog.nuancecreation.fr\/wp-content\/uploads\/2017\/01\/DSC_0801-1024x680.jpg 1024w\" sizes=\"(max-width: 546px) 100vw, 546px\" \/><\/p>\n<p style=\"text-align: justify;\">\u00a0\u00a0\u00a0\u00a0\u00a0\u00a0\u00a0\u00a0\u00a0\u00a0\u00a0\u00a0\u00a0\u00a0\u00a0\u00a0\u00a0\u00a0\u00a0\u00a0\u00a0\u00a0\u00a0\u00a0\u00a0\u00a0\u00a0\u00a0\u00a0\u00a0\u00a0\u00a0\u00a0 <img loading=\"lazy\" class=\"alignnone size-full wp-image-487\" src=\"http:\/\/nuanceblog.nuancecreation.fr\/wp-content\/uploads\/2017\/01\/TitrePlanPratique-1.png\" alt=\"titreplanpratique\" width=\"261\" height=\"20\" \/><\/p>\n<p style=\"text-align: justify;\">Les cours ont une dur\u00e9e de 2 heures.<br \/>\nTout au long de l\u2019ann\u00e9e vous pouvez vous inscrire pour un ou plusieurs cours. (\u00e0 l\u2019unit\u00e9 ou par abonnement)<br \/>\nPlusieurs cours par semaine sont programm\u00e9s.<br \/>\nVous choisissez votre cours selon vos disponibilit\u00e9s et vous r\u00e9servez par t\u00e9l\u00e9phone ou par @mail.<\/p>\n<p style=\"text-align: justify;\"><span style=\"color: #008000;\"><strong>\u00a0\u00a0\u00a0\u00a0\u00a0\u00a0\u00a0\u00a0\u00a0\u00a0\u00a0\u00a0\u00a0\u00a0\u00a0\u00a0\u00a0\u00a0\u00a0\u00a0\u00a0\u00a0\u00a0\u00a0\u00a0\u00a0\u00a0\u00a0\u00a0\u00a0\u00a0\u00a0\u00a0\u00a0\u00a0\u00a0\u00a0\u00a0\u00a0\u00a0\u00a0\u00a0\u00a0\u00a0 <\/strong><\/span><img loading=\"lazy\" class=\"alignnone size-full wp-image-488\" src=\"http:\/\/nuanceblog.nuancecreation.fr\/wp-content\/uploads\/2017\/01\/TitreNosHoraires.png\" alt=\"titrenoshoraires\" width=\"230\" height=\"20\" \/><\/p>\n<pre style=\"text-align: justify;\">Mardi    : de 14h \u00e0 16h et 18h \u00e0 20h\r\nMercredi : de 14h \u00e0 16h\r\nJeudi    : de 14h \u00e0 16h et 18h \u00e0 20h\r\nVendredi : de 10h \u00e0 12h \r\nSamedi   : de 10h \u00e0 12h\r\n \r\n<span style=\"color: #008000;\"><strong>CARTES D'ABONNEMENTS DE 5, 8, 10, 16 COURS <\/strong><\/span>\r\n<span style=\"color: #008000;\"><strong>et FORFAIT DECOUVERTE\r\n<\/strong><\/span>\r\n<strong><em>Pour plus d\u2019informations,contactez-moi, <\/em><\/strong>\r\n<strong><em>je me ferai un plaisir de vous expliquer dans le d\u00e9tail le fonctionnement de mon atelier.\r\n\r\n<\/em>         <span style=\"color: #008000;\">Appelez-moi au 06 60 51 19 41\r\n\r\n<blockquote data-secret=\"yXrASB6uAz\" class=\"wp-embedded-content\"><a href=\"http:\/\/nuanceblog.nuancecreation.fr\/?page_id=503\">Galerie &laquo;&nbsp;Atelier&nbsp;&raquo; Art Floral<\/a><\/blockquote><iframe class=\"wp-embedded-content\" sandbox=\"allow-scripts\" security=\"restricted\" style=\"position: absolute; clip: rect(1px, 1px, 1px, 1px);\" src=\"http:\/\/nuanceblog.nuancecreation.fr\/?page_id=503&#038;embed=true#?secret=yXrASB6uAz\" data-secret=\"yXrASB6uAz\" width=\"474\" height=\"267\" title=\"&laquo;&nbsp;Galerie &laquo;&nbsp;Atelier&nbsp;&raquo; Art Floral&nbsp;&raquo; &#8212; NUANCE &quot;FLEURS&quot; CREATION\" frameborder=\"0\" marginwidth=\"0\" marginheight=\"0\" scrolling=\"no\"><\/iframe>\r\n<\/span><\/strong><\/pre>\n","protected":false},"excerpt":{"rendered":"<p>\u00a0\u00a0\u00a0\u00a0\u00a0\u00a0\u00a0\u00a0\u00a0\u00a0\u00a0\u00a0\u00a0\u00a0\u00a0\u00a0\u00a0\u00a0\u00a0\u00a0\u00a0\u00a0\u00a0\u00a0\u00a0\u00a0\u00a0\u00a0\u00a0\u00a0\u00a0\u00a0\u00a0 Les cours ont une dur\u00e9e de 2 heures. Tout au long de l\u2019ann\u00e9e vous pouvez vous inscrire pour un ou plusieurs cours. (\u00e0 l\u2019unit\u00e9 ou par abonnement) Plusieurs cours par semaine sont programm\u00e9s. Vous choisissez votre cours selon vos disponibilit\u00e9s et vous r\u00e9servez par t\u00e9l\u00e9phone ou par @mail. \u00a0\u00a0\u00a0\u00a0\u00a0\u00a0\u00a0\u00a0\u00a0\u00a0\u00a0\u00a0\u00a0\u00a0\u00a0\u00a0\u00a0\u00a0\u00a0\u00a0\u00a0\u00a0\u00a0\u00a0\u00a0\u00a0\u00a0\u00a0\u00a0\u00a0\u00a0\u00a0\u00a0\u00a0\u00a0\u00a0\u00a0\u00a0\u00a0\u00a0\u00a0\u00a0\u00a0\u00a0 Mardi : de 14h \u00e0 &hellip; <a href=\"http:\/\/nuanceblog.nuancecreation.fr\/?page_id=397\" class=\"more-link\">Continue reading <span class=\"screen-reader-text\">L&#8217;atelier &#8220;Pratique&#8221;<\/span> <span class=\"meta-nav\">&rarr;<\/span><\/a><\/p>\n","protected":false},"author":1,"featured_media":0,"parent":0,"menu_order":0,"comment_status":"closed","ping_status":"closed","template":"","meta":[],"_links":{"self":[{"href":"http:\/\/nuanceblog.nuancecreation.fr\/index.php?rest_route=\/wp\/v2\/pages\/397"}],"collection":[{"href":"http:\/\/nuanceblog.nuancecreation.fr\/index.php?rest_route=\/wp\/v2\/pages"}],"about":[{"href":"http:\/\/nuanceblog.nuancecreation.fr\/index.php?rest_route=\/wp\/v2\/types\/page"}],"author":[{"embeddable":true,"href":"http:\/\/nuanceblog.nuancecreation.fr\/index.php?rest_route=\/wp\/v2\/users\/1"}],"replies":[{"embeddable":true,"href":"http:\/\/nuanceblog.nuancecreation.fr\/index.php?rest_route=%2Fwp%2Fv2%2Fcomments&post=397"}],"version-history":[{"count":9,"href":"http:\/\/nuanceblog.nuancecreation.fr\/index.php?rest_route=\/wp\/v2\/pages\/397\/revisions"}],"predecessor-version":[{"id":1140,"href":"http:\/\/nuanceblog.nuancecreation.fr\/index.php?rest_route=\/wp\/v2\/pages\/397\/revisions\/1140"}],"wp:attachment":[{"href":"http:\/\/nuanceblog.nuancecreation.fr\/index.php?rest_route=%2Fwp%2Fv2%2Fmedia&parent=397"}],"curies":[{"name":"wp","href":"https:\/\/api.w.org\/{rel}","templated":true}]}}